{"id":843,"date":"2025-05-27T17:03:00","date_gmt":"2025-05-27T21:03:00","guid":{"rendered":"https:\/\/globalinvestfs.com\/?page_id=843"},"modified":"2025-06-11T17:27:34","modified_gmt":"2025-06-11T21:27:34","slug":"jorge-aroche","status":"publish","type":"page","link":"https:\/\/globalinvestfs.com\/es\/jorge-aroche\/","title":{"rendered":"Jorge Aroche"},"content":{"rendered":"<div data-elementor-type=\"wp-page\" data-elementor-id=\"843\" class=\"elementor elementor-843\" data-elementor-post-type=\"page\">\n\t\t\t\t<div class=\"elementor-element elementor-element-376536d5 e-flex e-con-boxed e-con e-parent\" data-id=\"376536d5\" data-element_type=\"container\" data-settings=\"{&quot;background_background&quot;:&quot;classic&quot;}\">\n\t\t\t\t\t<div class=\"e-con-inner\">\n\t\t<div class=\"elementor-element elementor-element-78fe5f e-con-full e-flex e-con e-child\" data-id=\"78fe5f\" data-element_type=\"container\">\n\t\t\t\t<div class=\"elementor-element elementor-element-37fe5dd1 elementor-invisible elementor-widget elementor-widget-heading\" data-id=\"37fe5dd1\" data-element_type=\"widget\" data-settings=\"{&quot;_animation&quot;:&quot;slideInUp&quot;,&quot;_animation_delay&quot;:150}\" data-widget_type=\"heading.default\">\n\t\t\t\t<div class=\"elementor-widget-container\">\n\t\t\t\t\t<h2 class=\"elementor-heading-title elementor-size-default\">Jorge <br>Aroche<\/h2>\t\t\t\t<\/div>\n\t\t\t\t<\/div>\n\t\t\t\t<\/div>\n\t\t\t\t\t<\/div>\n\t\t\t\t<\/div>\n\t\t<div class=\"elementor-element elementor-element-648fe961 e-flex e-con-boxed e-con e-parent\" data-id=\"648fe961\" data-element_type=\"container\" data-settings=\"{&quot;background_background&quot;:&quot;classic&quot;}\">\n\t\t\t\t\t<div class=\"e-con-inner\">\n\t\t<div class=\"elementor-element elementor-element-11fec403 e-con-full e-flex e-con e-child\" data-id=\"11fec403\" data-element_type=\"container\">\n\t\t<div class=\"elementor-element elementor-element-475d7d36 e-con-full e-flex e-con e-child\" data-id=\"475d7d36\" data-element_type=\"container\">\n\t\t<div class=\"elementor-element elementor-element-14e33ee1 e-con-full e-flex e-con e-child\" data-id=\"14e33ee1\" data-element_type=\"container\" data-settings=\"{&quot;background_background&quot;:&quot;classic&quot;}\">\n\t\t<div class=\"elementor-element elementor-element-7737b822 e-con-full e-flex e-con e-child\" data-id=\"7737b822\" data-element_type=\"container\">\n\t\t\t\t<div class=\"elementor-element elementor-element-a1fe77d elementor-hidden-tablet elementor-hidden-mobile elementor-widget elementor-widget-image\" data-id=\"a1fe77d\" data-element_type=\"widget\" data-widget_type=\"image.default\">\n\t\t\t\t<div class=\"elementor-widget-container\">\n\t\t\t\t\t\t\t\t\t\t\t\t\t\t\t<img fetchpriority=\"high\" decoding=\"async\" width=\"576\" height=\"1024\" src=\"https:\/\/globalinvestfs.com\/wp-content\/uploads\/2025\/05\/GLO200-250527-Website-people-Jorge-Aroche-576x1024.webp\" class=\"attachment-large size-large wp-image-865\" alt=\"With over 35 years of experience in the financial services industry, Jorge Aroche is a professional dedicated to helping clients navigate complex markets with confidence.\" srcset=\"https:\/\/globalinvestfs.com\/wp-content\/uploads\/2025\/05\/GLO200-250527-Website-people-Jorge-Aroche-576x1024.webp 576w, https:\/\/globalinvestfs.com\/wp-content\/uploads\/2025\/05\/GLO200-250527-Website-people-Jorge-Aroche-169x300.webp 169w, https:\/\/globalinvestfs.com\/wp-content\/uploads\/2025\/05\/GLO200-250527-Website-people-Jorge-Aroche-768x1365.webp 768w, https:\/\/globalinvestfs.com\/wp-content\/uploads\/2025\/05\/GLO200-250527-Website-people-Jorge-Aroche-864x1536.webp 864w, https:\/\/globalinvestfs.com\/wp-content\/uploads\/2025\/05\/GLO200-250527-Website-people-Jorge-Aroche.webp 1080w\" sizes=\"(max-width: 576px) 100vw, 576px\" \/>\t\t\t\t\t\t\t\t\t\t\t\t\t\t\t<\/div>\n\t\t\t\t<\/div>\n\t\t\t\t<\/div>\n\t\t\t\t<\/div>\n\t\t<div class=\"elementor-element elementor-element-9e30c05 e-con-full e-flex e-con e-child\" data-id=\"9e30c05\" data-element_type=\"container\">\n\t\t\t\t<div class=\"elementor-element elementor-element-7c239850 elementor-invisible elementor-widget elementor-widget-heading\" data-id=\"7c239850\" data-element_type=\"widget\" data-settings=\"{&quot;_animation&quot;:&quot;fadeIn&quot;,&quot;_animation_delay&quot;:250}\" data-widget_type=\"heading.default\">\n\t\t\t\t<div class=\"elementor-widget-container\">\n\t\t\t\t\t<h3 class=\"elementor-heading-title elementor-size-default\">Tu Gu\u00eda de Confianza Para Atravesar un Mercado Incierto <\/h3>\t\t\t\t<\/div>\n\t\t\t\t<\/div>\n\t\t\t\t<div class=\"elementor-element elementor-element-a5462a8 elementor-widget elementor-widget-text-editor\" data-id=\"a5462a8\" data-element_type=\"widget\" data-widget_type=\"text-editor.default\">\n\t\t\t\t<div class=\"elementor-widget-container\">\n\t\t\t\t\t\t\t\t\t<p><span data-contrast=\"auto\">Con m\u00e1s de 35 a\u00f1os de experiencia en la industria de servicios financieros, Jorge Aroche es un profesional dedicado a ayudar clientes para que puedan navegar mercados complejos con seguridad.<\/span><span data-ccp-props=\"{}\">\u00a0<\/span><\/p><p><span data-contrast=\"auto\">Con una amplia experiencia en materias primas, valores y estrategias de inversi\u00f3n institucional, es un aliado estrat\u00e9gico para inversionistas tanto individuales como institucionales.<\/span><span data-ccp-props=\"{}\">\u00a0<\/span><\/p><p>A lo largo de su carrera, ha asesorado a clientes durante eventos econ\u00f3micos cruciales, incluyendo la crisis del mercado de bonos de 1994, el colapso del peso mexicano o 'Efecto Tequila', la crisis de las divisas asi\u00e1ticas en 1997 y el hundimiento y posterior rescate de Long-Term Capital Management. Dicha d\u00e9cada culmin\u00f3 con el default de Rusia y el colapso del rublo.<\/p>\t\t\t\t\t\t\t\t<\/div>\n\t\t\t\t<\/div>\n\t\t\t\t<div class=\"elementor-element elementor-element-357e87b7 elementor-widget elementor-widget-jkit_fun_fact\" data-id=\"357e87b7\" data-element_type=\"widget\" data-widget_type=\"jkit_fun_fact.default\">\n\t\t\t\t<div class=\"elementor-widget-container\">\n\t\t\t\t\t<div  class=\"jeg-elementor-kit jkit-fun-fact align-center hover-from-left elementor-animation- jeg_module___69f1d658d0424\" ><div class=\"fun-fact-inner\">\n            <div class=\"content\">\n                <div class=\"number-wrapper\"><span class=\"prefix\"><\/span>\n        <span class=\"number\" data-value=\"35\" data-animation-duration=\"3500\">0<\/span>\n        <span class=\"suffix\">+<\/span><\/div>\n                <h4 class=\"title\">A\u00f1os Transformando el Caos del Mercado en el \u00c9xito de Nuestros Clientes<\/h4>\n            <\/div>\n        <\/div><\/div>\t\t\t\t<\/div>\n\t\t\t\t<\/div>\n\t\t\t\t<\/div>\n\t\t\t\t<\/div>\n\t\t\t\t<\/div>\n\t\t\t\t\t<\/div>\n\t\t\t\t<\/div>\n\t\t<div class=\"elementor-element elementor-element-30469a71 e-flex e-con-boxed e-con e-parent\" data-id=\"30469a71\" data-element_type=\"container\" data-settings=\"{&quot;background_background&quot;:&quot;classic&quot;}\">\n\t\t\t\t\t<div class=\"e-con-inner\">\n\t\t<div class=\"elementor-element elementor-element-4293568f e-con-full e-flex e-con e-child\" data-id=\"4293568f\" data-element_type=\"container\">\n\t\t<div class=\"elementor-element elementor-element-78854591 e-con-full e-flex e-con e-child\" data-id=\"78854591\" data-element_type=\"container\">\n\t\t\t\t<div class=\"elementor-element elementor-element-8ace4a7 elementor-widget-mobile__width-initial jkit-equal-height-disable elementor-widget elementor-widget-jkit_icon_box\" data-id=\"8ace4a7\" data-element_type=\"widget\" data-widget_type=\"jkit_icon_box.default\">\n\t\t\t\t<div class=\"elementor-widget-container\">\n\t\t\t\t\t<div  class=\"jeg-elementor-kit jkit-icon-box icon-position-left elementor-animation-float jeg_module__1_69f1d658d51ed\" ><div class=\"jkit-icon-box-wrapper hover-from-left\"><div class=\"icon-box icon-box-header elementor-animation-\"><div class=\"icon style-color\"><i aria-hidden=\"true\" class=\"icon icon-right-arrow1\"><\/i><\/div><\/div><div class=\"icon-box icon-box-body\">\n                <h4 class=\"title\">Crisis del 11 de septiembre de 2001<\/h4>\n            <\/div>\n            \n            <\/div><\/div>\t\t\t\t<\/div>\n\t\t\t\t<\/div>\n\t\t\t\t<\/div>\n\t\t<div class=\"elementor-element elementor-element-1c1d27cf e-con-full e-flex e-con e-child\" data-id=\"1c1d27cf\" data-element_type=\"container\">\n\t\t\t\t<div class=\"elementor-element elementor-element-66f7acbd elementor-widget-mobile__width-initial jkit-equal-height-disable elementor-widget elementor-widget-jkit_icon_box\" data-id=\"66f7acbd\" data-element_type=\"widget\" data-widget_type=\"jkit_icon_box.default\">\n\t\t\t\t<div class=\"elementor-widget-container\">\n\t\t\t\t\t<div  class=\"jeg-elementor-kit jkit-icon-box icon-position-left elementor-animation-float jeg_module__2_69f1d658d6638\" ><div class=\"jkit-icon-box-wrapper hover-from-left\"><div class=\"icon-box icon-box-header elementor-animation-\"><div class=\"icon style-color\"><i aria-hidden=\"true\" class=\"icon icon-right-arrow1\"><\/i><\/div><\/div><div class=\"icon-box icon-box-body\">\n                <h4 class=\"title\">El esc\u00e1ndalo de Enron (2001) <\/h4>\n            <\/div>\n            \n            <\/div><\/div>\t\t\t\t<\/div>\n\t\t\t\t<\/div>\n\t\t\t\t<\/div>\n\t\t<div class=\"elementor-element elementor-element-70754f4a e-con-full e-flex e-con e-child\" data-id=\"70754f4a\" data-element_type=\"container\">\n\t\t\t\t<div class=\"elementor-element elementor-element-7cf8b7bd elementor-widget-mobile__width-initial jkit-equal-height-disable elementor-widget elementor-widget-jkit_icon_box\" data-id=\"7cf8b7bd\" data-element_type=\"widget\" data-widget_type=\"jkit_icon_box.default\">\n\t\t\t\t<div class=\"elementor-widget-container\">\n\t\t\t\t\t<div  class=\"jeg-elementor-kit jkit-icon-box icon-position-left elementor-animation-float jeg_module__3_69f1d658d763a\" ><div class=\"jkit-icon-box-wrapper hover-from-left\"><div class=\"icon-box icon-box-header elementor-animation-\"><div class=\"icon style-color\"><i aria-hidden=\"true\" class=\"icon icon-right-arrow1\"><\/i><\/div><\/div><div class=\"icon-box icon-box-body\">\n                <h4 class=\"title\">La Gran Crisis Financiera (2007-2009)<\/h4>\n            <\/div>\n            \n            <\/div><\/div>\t\t\t\t<\/div>\n\t\t\t\t<\/div>\n\t\t\t\t<\/div>\n\t\t<div class=\"elementor-element elementor-element-1db144d6 e-con-full e-flex e-con e-child\" data-id=\"1db144d6\" data-element_type=\"container\">\n\t\t\t\t<div class=\"elementor-element elementor-element-550140f5 elementor-widget-mobile__width-initial jkit-equal-height-disable elementor-widget elementor-widget-jkit_icon_box\" data-id=\"550140f5\" data-element_type=\"widget\" data-widget_type=\"jkit_icon_box.default\">\n\t\t\t\t<div class=\"elementor-widget-container\">\n\t\t\t\t\t<div  class=\"jeg-elementor-kit jkit-icon-box icon-position-left elementor-animation-float jeg_module__4_69f1d658d86bf\" ><div class=\"jkit-icon-box-wrapper hover-from-left\"><div class=\"icon-box icon-box-header elementor-animation-\"><div class=\"icon style-color\"><i aria-hidden=\"true\" class=\"icon icon-right-arrow1\"><\/i><\/div><\/div><div class=\"icon-box icon-box-body\">\n                <h4 class=\"title\">La reducci\u00f3n de la Flexibilizaci\u00f3n Cuantitativa en 2013 (Taper Tantrum) <\/h4>\n            <\/div>\n            \n            <\/div><\/div>\t\t\t\t<\/div>\n\t\t\t\t<\/div>\n\t\t\t\t<\/div>\n\t\t<div class=\"elementor-element elementor-element-0798756 e-con-full e-flex e-con e-child\" data-id=\"0798756\" data-element_type=\"container\">\n\t\t\t\t<div class=\"elementor-element elementor-element-bee9246 elementor-widget-mobile__width-initial jkit-equal-height-disable elementor-widget elementor-widget-jkit_icon_box\" data-id=\"bee9246\" data-element_type=\"widget\" data-widget_type=\"jkit_icon_box.default\">\n\t\t\t\t<div class=\"elementor-widget-container\">\n\t\t\t\t\t<div  class=\"jeg-elementor-kit jkit-icon-box icon-position-left elementor-animation-float jeg_module__5_69f1d658d97e6\" ><div class=\"jkit-icon-box-wrapper hover-from-left\"><div class=\"icon-box icon-box-header elementor-animation-\"><div class=\"icon style-color\"><i aria-hidden=\"true\" class=\"icon icon-right-arrow1\"><\/i><\/div><\/div><div class=\"icon-box icon-box-body\">\n                <h4 class=\"title\">Crisis del COVID-19 (2020-2022)<\/h4>\n            <\/div>\n            \n            <\/div><\/div>\t\t\t\t<\/div>\n\t\t\t\t<\/div>\n\t\t\t\t<\/div>\n\t\t<div class=\"elementor-element elementor-element-fde97ec e-con-full e-flex e-con e-child\" data-id=\"fde97ec\" data-element_type=\"container\">\n\t\t\t\t<div class=\"elementor-element elementor-element-e969eed elementor-widget-mobile__width-initial jkit-equal-height-disable elementor-widget elementor-widget-jkit_icon_box\" data-id=\"e969eed\" data-element_type=\"widget\" data-widget_type=\"jkit_icon_box.default\">\n\t\t\t\t<div class=\"elementor-widget-container\">\n\t\t\t\t\t<div  class=\"jeg-elementor-kit jkit-icon-box icon-position-left elementor-animation-float jeg_module__6_69f1d658da79b\" ><div class=\"jkit-icon-box-wrapper hover-from-left\"><div class=\"icon-box icon-box-header elementor-animation-\"><div class=\"icon style-color\"><i aria-hidden=\"true\" class=\"icon icon-right-arrow1\"><\/i><\/div><\/div><div class=\"icon-box icon-box-body\">\n                <h4 class=\"title\">El alza agresiva de tasas de inter\u00e9s para combatir la inflaci\u00f3n (2022-2023)<\/h4>\n            <\/div>\n            \n            <\/div><\/div>\t\t\t\t<\/div>\n\t\t\t\t<\/div>\n\t\t\t\t<\/div>\n\t\t\t\t<\/div>\n\t\t<div class=\"elementor-element elementor-element-f0c978 e-con-full e-flex e-con e-child\" data-id=\"f0c978\" data-element_type=\"container\">\n\t\t\t\t<div class=\"elementor-element elementor-element-76e9e11 elementor-invisible elementor-widget elementor-widget-heading\" data-id=\"76e9e11\" data-element_type=\"widget\" data-settings=\"{&quot;_animation&quot;:&quot;fadeIn&quot;,&quot;_animation_delay&quot;:250}\" data-widget_type=\"heading.default\">\n\t\t\t\t<div class=\"elementor-widget-container\">\n\t\t\t\t\t<h2 class=\"elementor-heading-title elementor-size-default\">\u00bfPor qu\u00e9 elegir a Jorge? <\/h2>\t\t\t\t<\/div>\n\t\t\t\t<\/div>\n\t\t\t\t<div class=\"elementor-element elementor-element-3b1b588 elementor-widget elementor-widget-heading\" data-id=\"3b1b588\" data-element_type=\"widget\" data-widget_type=\"heading.default\">\n\t\t\t\t<div class=\"elementor-widget-container\">\n\t\t\t\t\t<h3 class=\"elementor-heading-title elementor-size-default\">Gesti\u00f3n de Crisis Comprobada: <\/h3>\t\t\t\t<\/div>\n\t\t\t\t<\/div>\n\t\t\t\t<div class=\"elementor-element elementor-element-10c752c elementor-widget elementor-widget-text-editor\" data-id=\"10c752c\" data-element_type=\"widget\" data-widget_type=\"text-editor.default\">\n\t\t\t\t<div class=\"elementor-widget-container\">\n\t\t\t\t\t\t\t\t\t<p class=\"translation-block\">Jorge ha guiado con \u00e9xito a sus clientes a trav\u00e9s de algunos de los eventos m\u00e1s turbulentos de la historia reciente, incluyendo:<\/p>\t\t\t\t\t\t\t\t<\/div>\n\t\t\t\t<\/div>\n\t\t\t\t<\/div>\n\t\t\t\t\t<\/div>\n\t\t\t\t<\/div>\n\t\t<div class=\"elementor-element elementor-element-2f70281e e-con-full e-flex e-con e-parent\" data-id=\"2f70281e\" data-element_type=\"container\" data-settings=\"{&quot;background_background&quot;:&quot;classic&quot;}\">\n\t\t<div class=\"elementor-element elementor-element-4cce92b2 e-con-full e-flex e-con e-child\" data-id=\"4cce92b2\" data-element_type=\"container\">\n\t\t<div class=\"elementor-element elementor-element-1967cd48 e-con-full e-flex elementor-invisible e-con e-child\" data-id=\"1967cd48\" data-element_type=\"container\" data-settings=\"{&quot;background_background&quot;:&quot;classic&quot;,&quot;animation&quot;:&quot;fadeIn&quot;,&quot;animation_delay&quot;:150}\">\n\t\t\t\t<div class=\"elementor-element elementor-element-22aefebd elementor-widget__width-initial elementor-widget elementor-widget-image\" data-id=\"22aefebd\" data-element_type=\"widget\" data-widget_type=\"image.default\">\n\t\t\t\t<div class=\"elementor-widget-container\">\n\t\t\t\t\t\t\t\t\t\t\t\t\t\t\t<img decoding=\"async\" width=\"2363\" height=\"1575\" src=\"https:\/\/globalinvestfs.com\/wp-content\/uploads\/2025\/06\/Jorge-8.webp\" class=\"attachment-full size-full wp-image-1464\" alt=\"Jorge Aroche, founder of Globalinvest FS in a sunny day in Miami\" srcset=\"https:\/\/globalinvestfs.com\/wp-content\/uploads\/2025\/06\/Jorge-8.webp 2363w, https:\/\/globalinvestfs.com\/wp-content\/uploads\/2025\/06\/Jorge-8-300x200.webp 300w, https:\/\/globalinvestfs.com\/wp-content\/uploads\/2025\/06\/Jorge-8-1024x683.webp 1024w, https:\/\/globalinvestfs.com\/wp-content\/uploads\/2025\/06\/Jorge-8-768x512.webp 768w, https:\/\/globalinvestfs.com\/wp-content\/uploads\/2025\/06\/Jorge-8-1536x1024.webp 1536w, https:\/\/globalinvestfs.com\/wp-content\/uploads\/2025\/06\/Jorge-8-2048x1365.webp 2048w, https:\/\/globalinvestfs.com\/wp-content\/uploads\/2025\/06\/Jorge-8-18x12.webp 18w\" sizes=\"(max-width: 2363px) 100vw, 2363px\" \/>\t\t\t\t\t\t\t\t\t\t\t\t\t\t\t<\/div>\n\t\t\t\t<\/div>\n\t\t\t\t<div class=\"elementor-element elementor-element-575e7c89 elementor-widget-mobile__width-initial elementor-widget__width-initial jkit-equal-height-disable elementor-widget elementor-widget-jkit_icon_box\" data-id=\"575e7c89\" data-element_type=\"widget\" data-widget_type=\"jkit_icon_box.default\">\n\t\t\t\t<div class=\"elementor-widget-container\">\n\t\t\t\t\t<div  class=\"jeg-elementor-kit jkit-icon-box icon-position-left elementor-animation-float jeg_module__7_69f1d658dc1c0\" ><div class=\"jkit-icon-box-wrapper hover-from-left\"><div class=\"icon-box icon-box-body\">\n                <p class=\"icon-box-description\">Tras demostrar su pericia en importantes instituciones como First Union Securities (hoy Wells Fargo), donde asesor\u00f3 a clientes de alto patrimonio en toda Sudam\u00e9rica, Jorge Aroche identific\u00f3 una necesidad: los inversionistas requer\u00edan una asesor\u00eda m\u00e1s personalizada de la que los grandes bancos pod\u00edan ofrecer. <\/p>\n            <\/div>\n            \n            <\/div><\/div>\t\t\t\t<\/div>\n\t\t\t\t<\/div>\n\t\t\t\t<\/div>\n\t\t<div class=\"elementor-element elementor-element-29972078 e-con-full e-flex elementor-invisible e-con e-child\" data-id=\"29972078\" data-element_type=\"container\" data-settings=\"{&quot;background_background&quot;:&quot;classic&quot;,&quot;animation&quot;:&quot;fadeIn&quot;,&quot;animation_delay&quot;:200}\">\n\t\t\t\t<div class=\"elementor-element elementor-element-60f90b37 elementor-widget__width-initial elementor-widget elementor-widget-image\" data-id=\"60f90b37\" data-element_type=\"widget\" data-widget_type=\"image.default\">\n\t\t\t\t<div class=\"elementor-widget-container\">\n\t\t\t\t\t\t\t\t\t\t\t\t\t\t\t<img decoding=\"async\" width=\"2363\" height=\"1575\" src=\"https:\/\/globalinvestfs.com\/wp-content\/uploads\/2025\/06\/Jorge-office.webp\" class=\"attachment-full size-full wp-image-1465\" alt=\"\" srcset=\"https:\/\/globalinvestfs.com\/wp-content\/uploads\/2025\/06\/Jorge-office.webp 2363w, https:\/\/globalinvestfs.com\/wp-content\/uploads\/2025\/06\/Jorge-office-300x200.webp 300w, https:\/\/globalinvestfs.com\/wp-content\/uploads\/2025\/06\/Jorge-office-1024x683.webp 1024w, https:\/\/globalinvestfs.com\/wp-content\/uploads\/2025\/06\/Jorge-office-768x512.webp 768w, https:\/\/globalinvestfs.com\/wp-content\/uploads\/2025\/06\/Jorge-office-1536x1024.webp 1536w, https:\/\/globalinvestfs.com\/wp-content\/uploads\/2025\/06\/Jorge-office-2048x1365.webp 2048w, https:\/\/globalinvestfs.com\/wp-content\/uploads\/2025\/06\/Jorge-office-18x12.webp 18w\" sizes=\"(max-width: 2363px) 100vw, 2363px\" \/>\t\t\t\t\t\t\t\t\t\t\t\t\t\t\t<\/div>\n\t\t\t\t<\/div>\n\t\t\t\t<div class=\"elementor-element elementor-element-9b4047a elementor-widget-mobile__width-initial elementor-widget__width-initial jkit-equal-height-disable elementor-widget elementor-widget-jkit_icon_box\" data-id=\"9b4047a\" data-element_type=\"widget\" data-widget_type=\"jkit_icon_box.default\">\n\t\t\t\t<div class=\"elementor-widget-container\">\n\t\t\t\t\t<div  class=\"jeg-elementor-kit jkit-icon-box icon-position-left elementor-animation-float jeg_module__8_69f1d658dd1c3\" ><div class=\"jkit-icon-box-wrapper hover-from-left\"><div class=\"icon-box icon-box-body\">\n                <p class=\"icon-box-description\">Por eso fund\u00f3 Globalinvest Financial Services, una firma de asesor\u00eda financiera con sede en Florida, creada para ofrecer estrategias a la medida, no soluciones estandarizadas. <\/p>\n            <\/div>\n            \n            <\/div><\/div>\t\t\t\t<\/div>\n\t\t\t\t<\/div>\n\t\t\t\t<\/div>\n\t\t\t\t<\/div>\n\t\t\t\t<\/div>\n\t\t<div class=\"elementor-element elementor-element-3a68557c e-flex e-con-boxed e-con e-parent\" data-id=\"3a68557c\" data-element_type=\"container\">\n\t\t\t\t\t<div class=\"e-con-inner\">\n\t\t<div class=\"elementor-element elementor-element-655a223f e-con-full e-flex e-con e-child\" data-id=\"655a223f\" data-element_type=\"container\">\n\t\t<div class=\"elementor-element elementor-element-65892abf e-con-full e-flex e-con e-child\" data-id=\"65892abf\" data-element_type=\"container\">\n\t\t\t\t<div class=\"elementor-element elementor-element-1a249639 elementor-widget elementor-widget-jkit_animated_text\" data-id=\"1a249639\" data-element_type=\"widget\" data-widget_type=\"jkit_animated_text.default\">\n\t\t\t\t<div class=\"elementor-widget-container\">\n\t\t\t\t\t<div  class=\"jeg-elementor-kit jkit-animated-text jeg_module__9_69f1d658e0538\"  data-style=\"highlighted\" data-text=\"Smarter Strategy \" data-shape=\"underline\"><h3 class=\"animated-text\"><span class=\"normal-text style-color\">Su Dinero Necesita una <\/span><span class=\"dynamic-wrapper style-color\"><span class=\"dynamic-text\">Estrategia M\u00e1s Inteligente <\/span><svg xmlns=\"http:\/\/www.w3.org\/2000\/svg\" viewbox=\"0 0 500 150\" preserveaspectratio=\"none\"><path class=\"style-color\"  d=\"M3,77.5s200.54-11,493,0\" transform=\"translate(-2.75 -68.11)\"\/><\/svg><\/span><span class=\"normal-text style-color\"><\/span><\/h3><\/div>\t\t\t\t<\/div>\n\t\t\t\t<\/div>\n\t\t\t\t<div class=\"elementor-element elementor-element-28c359f elementor-widget elementor-widget-text-editor\" data-id=\"28c359f\" data-element_type=\"widget\" data-widget_type=\"text-editor.default\">\n\t\t\t\t<div class=\"elementor-widget-container\">\n\t\t\t\t\t\t\t\t\t<p><span data-contrast=\"auto\">\u00bfTrabajas de 9 a 5? Deje que su dinero trabaje horas extra<\/span><span data-ccp-props=\"{}\">\u00a0<\/span><\/p><p><span data-contrast=\"auto\">Usamos estrategias de inversi\u00f3n comprobadas para hacer crecer su patrimonio, para que pueda enfocarse en vivir, no solo en generar ingresos.<\/span><span data-ccp-props=\"{}\">\u00a0<\/span><\/p>\t\t\t\t\t\t\t\t<\/div>\n\t\t\t\t<\/div>\n\t\t\t\t<\/div>\n\t\t<div class=\"elementor-element elementor-element-6df048b e-con-full elementor-hidden-mobile e-flex e-con e-child\" data-id=\"6df048b\" data-element_type=\"container\">\n\t\t\t\t<div class=\"elementor-element elementor-element-22fd9575 elementor-mobile-align-center elementor-widget elementor-widget-button\" data-id=\"22fd9575\" data-element_type=\"widget\" data-widget_type=\"button.default\">\n\t\t\t\t<div class=\"elementor-widget-container\">\n\t\t\t\t\t\t\t\t\t<div class=\"elementor-button-wrapper\">\n\t\t\t\t\t<a class=\"elementor-button elementor-button-link elementor-size-sm\" href=\"#\">\n\t\t\t\t\t\t<span class=\"elementor-button-content-wrapper\">\n\t\t\t\t\t\t\t\t\t<span class=\"elementor-button-text\">habla con nosotros <\/span>\n\t\t\t\t\t<\/span>\n\t\t\t\t\t<\/a>\n\t\t\t\t<\/div>\n\t\t\t\t\t\t\t\t<\/div>\n\t\t\t\t<\/div>\n\t\t\t\t<\/div>\n\t\t\t\t<\/div>\n\t\t\t\t\t<\/div>\n\t\t\t\t<\/div>\n\t\t\t\t<\/div>","protected":false},"excerpt":{"rendered":"<p>Jorge Aroche Your Trusted Financial Guide Through Market Uncertainty With over 35 years of experience in the financial services industry, Jorge Aroche is a professional dedicated to helping clients navigate complex markets with confidence.\u00a0 His deep expertise spans commodities, securities, and institutional investment strategies, making him a reliable partner for both individual and institutional investors.\u00a0 [&hellip;]<\/p>","protected":false},"author":1,"featured_media":0,"parent":0,"menu_order":0,"comment_status":"closed","ping_status":"closed","template":"elementor_header_footer","meta":{"order-bump-settings":[],"_wpfnl_thankyou_order_overview":"on","_wpfnl_thankyou_order_details":"on","_wpfnl_thankyou_billing_details":"on","_wpfnl_thankyou_shipping_details":"on","footnotes":""},"class_list":["post-843","page","type-page","status-publish","hentry"],"_links":{"self":[{"href":"https:\/\/globalinvestfs.com\/es\/wp-json\/wp\/v2\/pages\/843","targetHints":{"allow":["GET"]}}],"collection":[{"href":"https:\/\/globalinvestfs.com\/es\/wp-json\/wp\/v2\/pages"}],"about":[{"href":"https:\/\/globalinvestfs.com\/es\/wp-json\/wp\/v2\/types\/page"}],"author":[{"embeddable":true,"href":"https:\/\/globalinvestfs.com\/es\/wp-json\/wp\/v2\/users\/1"}],"replies":[{"embeddable":true,"href":"https:\/\/globalinvestfs.com\/es\/wp-json\/wp\/v2\/comments?post=843"}],"version-history":[{"count":0,"href":"https:\/\/globalinvestfs.com\/es\/wp-json\/wp\/v2\/pages\/843\/revisions"}],"wp:attachment":[{"href":"https:\/\/globalinvestfs.com\/es\/wp-json\/wp\/v2\/media?parent=843"}],"curies":[{"name":"wp","href":"https:\/\/api.w.org\/{rel}","templated":true}]}}